{"id":345,"date":"2026-03-24T00:37:44","date_gmt":"2026-03-24T00:37:44","guid":{"rendered":"https:\/\/cuinspain.es\/blog"},"modified":"2026-05-14T12:02:16","modified_gmt":"2026-05-14T12:02:16","slug":"blog","status":"publish","type":"page","link":"https:\/\/cuinspain.es\/es\/blog","title":{"rendered":"Blog"},"content":{"rendered":"\n<div class=\"wp-block-group glide carousel-hero-caption is-layout-flow wp-block-group-is-layout-flow\">\n<div class=\"wp-block-group is-vertical is-layout-flex wp-container-core-group-is-layout-fe9cc265 wp-block-group-is-layout-flex\">\n<div class=\"wp-block-group is-nowrap is-layout-flex wp-container-core-group-is-layout-6c531013 wp-block-group-is-layout-flex\">\n<div class=\"wp-block-cover\"><img loading=\"lazy\" decoding=\"async\" width=\"1024\" height=\"686\" class=\"wp-block-cover__image-background wp-image-90 size-large\" alt=\"\" src=\"https:\/\/cuinspain.es\/wp-content\/uploads\/website-media\/AdobeStock_184983207-Large-1024x686.jpeg\" data-object-fit=\"cover\" srcset=\"https:\/\/cuinspain.es\/wp-content\/uploads\/website-media\/AdobeStock_184983207-Large-1024x686.jpeg 1024w, https:\/\/cuinspain.es\/wp-content\/uploads\/website-media\/AdobeStock_184983207-Large-300x201.jpeg 300w, https:\/\/cuinspain.es\/wp-content\/uploads\/website-media\/AdobeStock_184983207-Large-768x514.jpeg 768w, https:\/\/cuinspain.es\/wp-content\/uploads\/website-media\/AdobeStock_184983207-Large-1536x1028.jpeg 1536w, https:\/\/cuinspain.es\/wp-content\/uploads\/website-media\/AdobeStock_184983207-Large.jpeg 1613w\" sizes=\"auto, (max-width: 1024px) 100vw, 1024px\" \/><span aria-hidden=\"true\" class=\"wp-block-cover__background has-blue-background-color has-background-dim\"><\/span><div class=\"wp-block-cover__inner-container is-layout-flow wp-block-cover-is-layout-flow\">\n<h1 class=\"wp-block-heading has-text-align-center has-white-color has-text-color\">Nuestro blog<\/h1>\n\n\n\n<p class=\"has-text-align-center has-white-color has-text-color\"><\/p>\n\n\n\n<div class=\"wp-block-buttons is-content-justification-center is-layout-flex wp-container-core-buttons-is-layout-a89b3969 wp-block-buttons-is-layout-flex\">\n<div class=\"wp-block-button is-style-outline is-style-outline--1\"><a class=\"wp-block-button__link has-white-color has-text-color has-link-color wp-element-button\" href=\"https:\/\/cuinspain.es\/es\/acerca-de\">M\u00c1S INFORMACI\u00d3N<\/a><\/div>\n\n\n\n<div class=\"wp-block-button\"><a class=\"wp-block-button__link wp-element-button\" href=\"https:\/\/cuinspain.es\/es\/contactanos\">CONSULTAR AHORA<\/a><\/div>\n<\/div>\n<\/div><\/div>\n\n\n\n<div class=\"wp-block-cover is-light\"><img loading=\"lazy\" decoding=\"async\" width=\"1024\" height=\"678\" class=\"wp-block-cover__image-background wp-image-101 size-large\" alt=\"\" src=\"https:\/\/cuinspain.es\/wp-content\/uploads\/website-media\/puerto-banus-806346_1920-1024x678.jpg\" data-object-fit=\"cover\" srcset=\"https:\/\/cuinspain.es\/wp-content\/uploads\/website-media\/puerto-banus-806346_1920-1024x678.jpg 1024w, https:\/\/cuinspain.es\/wp-content\/uploads\/website-media\/puerto-banus-806346_1920-300x199.jpg 300w, https:\/\/cuinspain.es\/wp-content\/uploads\/website-media\/puerto-banus-806346_1920-768x508.jpg 768w, https:\/\/cuinspain.es\/wp-content\/uploads\/website-media\/puerto-banus-806346_1920-1536x1017.jpg 1536w, https:\/\/cuinspain.es\/wp-content\/uploads\/website-media\/puerto-banus-806346_1920.jpg 1920w\" sizes=\"auto, (max-width: 1024px) 100vw, 1024px\" \/><span aria-hidden=\"true\" class=\"wp-block-cover__background has-background-dim\" style=\"background-color:#788da7\"><\/span><div class=\"wp-block-cover__inner-container is-layout-flow wp-block-cover-is-layout-flow\">\n<h2 class=\"wp-block-heading has-text-align-center has-white-color has-text-color\">Nuestro blog<\/h2>\n\n\n\n<p class=\"has-text-align-center has-white-color has-text-color\"><\/p>\n\n\n\n<div class=\"wp-block-boldblocks-svg-block svg-b-2 sm-svg-justify-alignment\"><a class=\"wp-block-boldblocks-svg-block__inner sm-svg-width svg-fill-color\" href=\"#blog-archive-box\"><svg viewbox=\"0 0 512 512\">\n  <path d=\"M464 256c0-114.87-93.13-208-208-208S48 141.13 48 256s93.13 208 208 208 208-93.13 208-208m-100.69-28.69-96 96a16 16 0 0 1-22.62 0l-96-96a16 16 0 0 1 22.62-22.62L256 289.37l84.69-84.68a16 16 0 0 1 22.62 22.62\"><\/path>\n<\/svg><\/a><\/div>\n<\/div><\/div>\n<\/div>\n<\/div>\n<\/div>\n\n<div id=\"blog-archive-box\" class=\"wp-block-group blog-archive-box is-layout-constrained wp-block-group-is-layout-constrained\">\n<div class=\"wp-block-columns is-layout-flex wp-container-core-columns-is-layout-28f84493 wp-block-columns-is-layout-flex\">\n<div class=\"wp-block-column query-outer is-layout-flow wp-block-column-is-layout-flow\" style=\"flex-basis:66.66%\">\n<div class=\"wp-block-query is-layout-flow wp-block-query-is-layout-flow\"><ul class=\"wp-block-post-template is-layout-flow wp-block-post-template-is-layout-flow\"><li class=\"wp-block-post post-323 post type-post status-publish format-standard has-post-thumbnail hentry category-viajes\">\n\n<div class=\"wp-block-columns is-layout-flex wp-container-core-columns-is-layout-28f84493 wp-block-columns-is-layout-flex\">\n<div class=\"wp-block-column is-layout-flow wp-block-column-is-layout-flow\" style=\"flex-basis:33.33%\"><figure style=\"aspect-ratio:1;\" class=\"wp-block-post-featured-image\"><a href=\"https:\/\/cuinspain.es\/es\/viajes\/se-esta-haciendo-realidad-el-barco-y-su-tripulacion-navegan-desde-tenerife-hasta-fuengirola\" target=\"_self\"  ><img loading=\"lazy\" decoding=\"async\" width=\"2048\" height=\"1592\" src=\"https:\/\/cuinspain.es\/wp-content\/uploads\/travel-posts\/84c29a95-058b-4c39-8acc-18a106ddc267.jpeg\" class=\"attachment-post-thumbnail size-post-thumbnail wp-post-image\" alt=\"Se est\u00e1 haciendo realidad, el barco y su tripulaci\u00f3n navegan desde Tenerife hasta Fuengirola\" style=\"width:100%;height:100%;object-fit:cover;\" srcset=\"https:\/\/cuinspain.es\/wp-content\/uploads\/travel-posts\/84c29a95-058b-4c39-8acc-18a106ddc267.jpeg 2048w, https:\/\/cuinspain.es\/wp-content\/uploads\/travel-posts\/84c29a95-058b-4c39-8acc-18a106ddc267-300x233.jpeg 300w, https:\/\/cuinspain.es\/wp-content\/uploads\/travel-posts\/84c29a95-058b-4c39-8acc-18a106ddc267-1024x796.jpeg 1024w, https:\/\/cuinspain.es\/wp-content\/uploads\/travel-posts\/84c29a95-058b-4c39-8acc-18a106ddc267-768x597.jpeg 768w, https:\/\/cuinspain.es\/wp-content\/uploads\/travel-posts\/84c29a95-058b-4c39-8acc-18a106ddc267-1536x1194.jpeg 1536w\" sizes=\"auto, (max-width: 2048px) 100vw, 2048px\" \/><\/a><\/figure><\/div>\n\n\n\n<div class=\"wp-block-column is-layout-flow wp-block-column-is-layout-flow\" style=\"flex-basis:66.66%\"><h2 class=\"has-text-align-left has-link-color wp-elements-27ce12af3c5a7d700d503229273abeaf wp-block-post-title has-text-color has-blue-color has-paragraphs-font-size\"><a href=\"https:\/\/cuinspain.es\/es\/viajes\/se-esta-haciendo-realidad-el-barco-y-su-tripulacion-navegan-desde-tenerife-hasta-fuengirola\" target=\"_self\" >Se est\u00e1 haciendo realidad, el barco y su tripulaci\u00f3n navegan desde Tenerife hasta Fuengirola<\/a><\/h2>\n\n\n<div class=\"wp-block-group author-details-box has-disclaimers-font-size is-nowrap is-layout-flex wp-container-core-group-is-layout-6c531013 wp-block-group-is-layout-flex\"><div class=\"wp-block-post-author-name\">CU in Spain<\/div>\n\n\n<p>|<\/p>\n\n\n<div class=\"wp-block-post-date\"><time datetime=\"2026-03-16T17:10:18+00:00\">marzo 16, 2026<\/time><\/div>\n\n\n<p>|<\/p>\n\n\n<div class=\"taxonomy-category wp-block-post-terms\"><a href=\"https:\/\/cuinspain.es\/es\/.\/viajes\" rel=\"tag\">Viajes<\/a><\/div><\/div>\n\n\n\n<hr class=\"wp-block-separator has-alpha-channel-opacity is-style-default\" style=\"margin-top:var(--wp--preset--spacing--x-small);margin-bottom:var(--wp--preset--spacing--x-small)\"\/>\n\n\n<div class=\"wp-block-post-excerpt has-disclaimers-font-size\"><p class=\"wp-block-post-excerpt__excerpt\">Nuestra gran aventura, \u00a1un viaje en velero por el Mediterr\u00e1neo!<\/p><p class=\"wp-block-post-excerpt__more-text\"><a class=\"wp-block-post-excerpt__more-link\" href=\"https:\/\/cuinspain.es\/es\/viajes\/se-esta-haciendo-realidad-el-barco-y-su-tripulacion-navegan-desde-tenerife-hasta-fuengirola\">Leer m\u00e1s &gt;<\/a><\/p><\/div><\/div>\n<\/div>\n\n<\/li><li class=\"wp-block-post post-364 post type-post status-publish format-standard has-post-thumbnail hentry category-viajes\">\n\n<div class=\"wp-block-columns is-layout-flex wp-container-core-columns-is-layout-28f84493 wp-block-columns-is-layout-flex\">\n<div class=\"wp-block-column is-layout-flow wp-block-column-is-layout-flow\" style=\"flex-basis:33.33%\"><figure style=\"aspect-ratio:1;\" class=\"wp-block-post-featured-image\"><a href=\"https:\/\/cuinspain.es\/es\/viajes\/nos-hemos-vuelto-locos-y-hemos-comprado-un-velero\" target=\"_self\"  ><img loading=\"lazy\" decoding=\"async\" width=\"2560\" height=\"1920\" src=\"https:\/\/cuinspain.es\/wp-content\/uploads\/travel-posts\/IMG_6356-scaled.jpeg\" class=\"attachment-post-thumbnail size-post-thumbnail wp-post-image\" alt=\"Nos hemos vuelto locos y hemos comprado un velero\" style=\"width:100%;height:100%;object-fit:cover;\" srcset=\"https:\/\/cuinspain.es\/wp-content\/uploads\/travel-posts\/IMG_6356-scaled.jpeg 2560w, https:\/\/cuinspain.es\/wp-content\/uploads\/travel-posts\/IMG_6356-300x225.jpeg 300w, https:\/\/cuinspain.es\/wp-content\/uploads\/travel-posts\/IMG_6356-1024x768.jpeg 1024w, https:\/\/cuinspain.es\/wp-content\/uploads\/travel-posts\/IMG_6356-768x576.jpeg 768w, https:\/\/cuinspain.es\/wp-content\/uploads\/travel-posts\/IMG_6356-1536x1152.jpeg 1536w, https:\/\/cuinspain.es\/wp-content\/uploads\/travel-posts\/IMG_6356-2048x1536.jpeg 2048w\" sizes=\"auto, (max-width: 2560px) 100vw, 2560px\" \/><\/a><\/figure><\/div>\n\n\n\n<div class=\"wp-block-column is-layout-flow wp-block-column-is-layout-flow\" style=\"flex-basis:66.66%\"><h2 class=\"has-text-align-left has-link-color wp-elements-27ce12af3c5a7d700d503229273abeaf wp-block-post-title has-text-color has-blue-color has-paragraphs-font-size\"><a href=\"https:\/\/cuinspain.es\/es\/viajes\/nos-hemos-vuelto-locos-y-hemos-comprado-un-velero\" target=\"_self\" >Nos hemos vuelto locos y hemos comprado un velero<\/a><\/h2>\n\n\n<div class=\"wp-block-group author-details-box has-disclaimers-font-size is-nowrap is-layout-flex wp-container-core-group-is-layout-6c531013 wp-block-group-is-layout-flex\"><div class=\"wp-block-post-author-name\">CU in Spain<\/div>\n\n\n<p>|<\/p>\n\n\n<div class=\"wp-block-post-date\"><time datetime=\"2026-03-16T16:57:56+00:00\">marzo 16, 2026<\/time><\/div>\n\n\n<p>|<\/p>\n\n\n<div class=\"taxonomy-category wp-block-post-terms\"><a href=\"https:\/\/cuinspain.es\/es\/.\/viajes\" rel=\"tag\">Viajes<\/a><\/div><\/div>\n\n\n\n<hr class=\"wp-block-separator has-alpha-channel-opacity is-style-default\" style=\"margin-top:var(--wp--preset--spacing--x-small);margin-bottom:var(--wp--preset--spacing--x-small)\"\/>\n\n\n<div class=\"wp-block-post-excerpt has-disclaimers-font-size\"><p class=\"wp-block-post-excerpt__excerpt\">\u00abNuestra gran aventura, \u00a1un viaje en velero por el Mediterr\u00e1neo!\u00bb<\/p><p class=\"wp-block-post-excerpt__more-text\"><a class=\"wp-block-post-excerpt__more-link\" href=\"https:\/\/cuinspain.es\/es\/viajes\/nos-hemos-vuelto-locos-y-hemos-comprado-un-velero\">Leer m\u00e1s &gt;<\/a><\/p><\/div><\/div>\n<\/div>\n\n<\/li><li class=\"wp-block-post post-358 post type-post status-publish format-standard has-post-thumbnail hentry category-espana\">\n\n<div class=\"wp-block-columns is-layout-flex wp-container-core-columns-is-layout-28f84493 wp-block-columns-is-layout-flex\">\n<div class=\"wp-block-column is-layout-flow wp-block-column-is-layout-flow\" style=\"flex-basis:33.33%\"><figure style=\"aspect-ratio:1;\" class=\"wp-block-post-featured-image\"><a href=\"https:\/\/cuinspain.es\/es\/espana\/vive-en-la-costa-del-sol\" target=\"_self\"  ><img loading=\"lazy\" decoding=\"async\" width=\"1920\" height=\"596\" src=\"https:\/\/cuinspain.es\/wp-content\/uploads\/website-media\/Malaga-1283651_1920.jpg\" class=\"attachment-post-thumbnail size-post-thumbnail wp-post-image\" alt=\"Vive en la Costa del Sol\" style=\"width:100%;height:100%;object-fit:cover;\" srcset=\"https:\/\/cuinspain.es\/wp-content\/uploads\/website-media\/Malaga-1283651_1920.jpg 1920w, https:\/\/cuinspain.es\/wp-content\/uploads\/website-media\/Malaga-1283651_1920-300x93.jpg 300w, https:\/\/cuinspain.es\/wp-content\/uploads\/website-media\/Malaga-1283651_1920-1024x318.jpg 1024w, https:\/\/cuinspain.es\/wp-content\/uploads\/website-media\/Malaga-1283651_1920-768x238.jpg 768w, https:\/\/cuinspain.es\/wp-content\/uploads\/website-media\/Malaga-1283651_1920-1536x477.jpg 1536w\" sizes=\"auto, (max-width: 1920px) 100vw, 1920px\" \/><\/a><\/figure><\/div>\n\n\n\n<div class=\"wp-block-column is-layout-flow wp-block-column-is-layout-flow\" style=\"flex-basis:66.66%\"><h2 class=\"has-text-align-left has-link-color wp-elements-27ce12af3c5a7d700d503229273abeaf wp-block-post-title has-text-color has-blue-color has-paragraphs-font-size\"><a href=\"https:\/\/cuinspain.es\/es\/espana\/vive-en-la-costa-del-sol\" target=\"_self\" >Vive en la Costa del Sol<\/a><\/h2>\n\n\n<div class=\"wp-block-group author-details-box has-disclaimers-font-size is-nowrap is-layout-flex wp-container-core-group-is-layout-6c531013 wp-block-group-is-layout-flex\"><div class=\"wp-block-post-author-name\">CU in Spain<\/div>\n\n\n<p>|<\/p>\n\n\n<div class=\"wp-block-post-date\"><time datetime=\"2026-02-23T15:20:46+00:00\">febrero 23, 2026<\/time><\/div>\n\n\n<p>|<\/p>\n\n\n<div class=\"taxonomy-category wp-block-post-terms\"><a href=\"https:\/\/cuinspain.es\/es\/.\/espana\" rel=\"tag\">Espa\u00f1a<\/a><\/div><\/div>\n\n\n\n<hr class=\"wp-block-separator has-alpha-channel-opacity is-style-default\" style=\"margin-top:var(--wp--preset--spacing--x-small);margin-bottom:var(--wp--preset--spacing--x-small)\"\/>\n\n\n<div class=\"wp-block-post-excerpt has-disclaimers-font-size\"><p class=\"wp-block-post-excerpt__excerpt\">La parte m\u00e1s meridional de Espa\u00f1a, en particular la Costa del Sol, disfruta de un agradable clima mediterr\u00e1neo, con veranos&hellip;<\/p><p class=\"wp-block-post-excerpt__more-text\"><a class=\"wp-block-post-excerpt__more-link\" href=\"https:\/\/cuinspain.es\/es\/espana\/vive-en-la-costa-del-sol\">Leer m\u00e1s &gt;<\/a><\/p><\/div><\/div>\n<\/div>\n\n<\/li><li class=\"wp-block-post post-338 post type-post status-publish format-standard has-post-thumbnail hentry category-espana\">\n\n<div class=\"wp-block-columns is-layout-flex wp-container-core-columns-is-layout-28f84493 wp-block-columns-is-layout-flex\">\n<div class=\"wp-block-column is-layout-flow wp-block-column-is-layout-flow\" style=\"flex-basis:33.33%\"><figure style=\"aspect-ratio:1;\" class=\"wp-block-post-featured-image\"><a href=\"https:\/\/cuinspain.es\/es\/espana\/un-estilo-de-vida-agradable\" target=\"_self\"  ><img loading=\"lazy\" decoding=\"async\" width=\"1024\" height=\"317\" src=\"https:\/\/cuinspain.es\/wp-content\/uploads\/website-media\/sunset-1226111_1920playabombo-1024x317-1.jpg\" class=\"attachment-post-thumbnail size-post-thumbnail wp-post-image\" alt=\"Un estilo de vida agradable\" style=\"width:100%;height:100%;object-fit:cover;\" srcset=\"https:\/\/cuinspain.es\/wp-content\/uploads\/website-media\/sunset-1226111_1920playabombo-1024x317-1.jpg 1024w, https:\/\/cuinspain.es\/wp-content\/uploads\/website-media\/sunset-1226111_1920playabombo-1024x317-1-300x93.jpg 300w, https:\/\/cuinspain.es\/wp-content\/uploads\/website-media\/sunset-1226111_1920playabombo-1024x317-1-768x238.jpg 768w\" sizes=\"auto, (max-width: 1024px) 100vw, 1024px\" \/><\/a><\/figure><\/div>\n\n\n\n<div class=\"wp-block-column is-layout-flow wp-block-column-is-layout-flow\" style=\"flex-basis:66.66%\"><h2 class=\"has-text-align-left has-link-color wp-elements-27ce12af3c5a7d700d503229273abeaf wp-block-post-title has-text-color has-blue-color has-paragraphs-font-size\"><a href=\"https:\/\/cuinspain.es\/es\/espana\/un-estilo-de-vida-agradable\" target=\"_self\" >Un estilo de vida agradable<\/a><\/h2>\n\n\n<div class=\"wp-block-group author-details-box has-disclaimers-font-size is-nowrap is-layout-flex wp-container-core-group-is-layout-6c531013 wp-block-group-is-layout-flex\"><div class=\"wp-block-post-author-name\">CU in Spain<\/div>\n\n\n<p>|<\/p>\n\n\n<div class=\"wp-block-post-date\"><time datetime=\"2026-02-23T15:19:35+00:00\">febrero 23, 2026<\/time><\/div>\n\n\n<p>|<\/p>\n\n\n<div class=\"taxonomy-category wp-block-post-terms\"><a href=\"https:\/\/cuinspain.es\/es\/.\/espana\" rel=\"tag\">Espa\u00f1a<\/a><\/div><\/div>\n\n\n\n<hr class=\"wp-block-separator has-alpha-channel-opacity is-style-default\" style=\"margin-top:var(--wp--preset--spacing--x-small);margin-bottom:var(--wp--preset--spacing--x-small)\"\/>\n\n\n<div class=\"wp-block-post-excerpt has-disclaimers-font-size\"><p class=\"wp-block-post-excerpt__excerpt\">El estilo de vida en la Costa del Sol es muy relajado y se centra en la vida al aire&hellip;<\/p><p class=\"wp-block-post-excerpt__more-text\"><a class=\"wp-block-post-excerpt__more-link\" href=\"https:\/\/cuinspain.es\/es\/espana\/un-estilo-de-vida-agradable\">Leer m\u00e1s &gt;<\/a><\/p><\/div><\/div>\n<\/div>\n\n<\/li><li class=\"wp-block-post post-378 post type-post status-publish format-standard has-post-thumbnail hentry category-viajes\">\n\n<div class=\"wp-block-columns is-layout-flex wp-container-core-columns-is-layout-28f84493 wp-block-columns-is-layout-flex\">\n<div class=\"wp-block-column is-layout-flow wp-block-column-is-layout-flow\" style=\"flex-basis:33.33%\"><figure style=\"aspect-ratio:1;\" class=\"wp-block-post-featured-image\"><a href=\"https:\/\/cuinspain.es\/es\/viajes\/caminito-del-rey\" target=\"_self\"  ><img loading=\"lazy\" decoding=\"async\" width=\"708\" height=\"322\" src=\"https:\/\/cuinspain.es\/wp-content\/uploads\/website-media\/Captura-de-pantalla-2017-10-28-a-las-10.42.28.png\" class=\"attachment-post-thumbnail size-post-thumbnail wp-post-image\" alt=\"Caminito del Rey\" style=\"width:100%;height:100%;object-fit:cover;\" srcset=\"https:\/\/cuinspain.es\/wp-content\/uploads\/website-media\/Captura-de-pantalla-2017-10-28-a-las-10.42.28.png 708w, https:\/\/cuinspain.es\/wp-content\/uploads\/website-media\/Captura-de-pantalla-2017-10-28-a-las-10.42.28-300x136.png 300w\" sizes=\"auto, (max-width: 708px) 100vw, 708px\" \/><\/a><\/figure><\/div>\n\n\n\n<div class=\"wp-block-column is-layout-flow wp-block-column-is-layout-flow\" style=\"flex-basis:66.66%\"><h2 class=\"has-text-align-left has-link-color wp-elements-27ce12af3c5a7d700d503229273abeaf wp-block-post-title has-text-color has-blue-color has-paragraphs-font-size\"><a href=\"https:\/\/cuinspain.es\/es\/viajes\/caminito-del-rey\" target=\"_self\" >Caminito del Rey<\/a><\/h2>\n\n\n<div class=\"wp-block-group author-details-box has-disclaimers-font-size is-nowrap is-layout-flex wp-container-core-group-is-layout-6c531013 wp-block-group-is-layout-flex\"><div class=\"wp-block-post-author-name\">CU in Spain<\/div>\n\n\n<p>|<\/p>\n\n\n<div class=\"wp-block-post-date\"><time datetime=\"2026-02-23T15:18:21+00:00\">febrero 23, 2026<\/time><\/div>\n\n\n<p>|<\/p>\n\n\n<div class=\"taxonomy-category wp-block-post-terms\"><a href=\"https:\/\/cuinspain.es\/es\/.\/viajes\" rel=\"tag\">Viajes<\/a><\/div><\/div>\n\n\n\n<hr class=\"wp-block-separator has-alpha-channel-opacity is-style-default\" style=\"margin-top:var(--wp--preset--spacing--x-small);margin-bottom:var(--wp--preset--spacing--x-small)\"\/>\n\n\n<div class=\"wp-block-post-excerpt has-disclaimers-font-size\"><p class=\"wp-block-post-excerpt__excerpt\">Uno de los destinos m\u00e1s populares de Espa\u00f1a es la Costa del Sol. Hay varias \u201cCosta\u201d diferentes. La Costa Brava&hellip;<\/p><p class=\"wp-block-post-excerpt__more-text\"><a class=\"wp-block-post-excerpt__more-link\" href=\"https:\/\/cuinspain.es\/es\/viajes\/caminito-del-rey\">Leer m\u00e1s &gt;<\/a><\/p><\/div><\/div>\n<\/div>\n\n<\/li><\/ul>\n\n\n\n<\/div>\n<\/div>\n\n\n\n<div class=\"wp-block-column search-panel has-white-background-color has-background is-layout-flow wp-block-column-is-layout-flow\" style=\"flex-basis:33.33%\"><form role=\"search\" method=\"get\" action=\"https:\/\/cuinspain.es\/es\" style=\"margin-bottom:var(--wp--preset--spacing--medium);\" class=\"wp-block-search__button-inside wp-block-search__icon-button wp-block-search\"    ><label class=\"wp-block-search__label screen-reader-text\" for=\"wp-block-search__input-3\" >Buscar<\/label><div class=\"wp-block-search__inside-wrapper\" ><input class=\"wp-block-search__input has-disclaimers-font-size\" id=\"wp-block-search__input-3\" placeholder=\"Buscar...\" value=\"\" type=\"search\" name=\"s\" required \/><button aria-label=\"Buscar\" class=\"wp-block-search__button has-background has-blue-background-color has-disclaimers-font-size has-icon wp-element-button\" type=\"submit\" ><svg class=\"search-icon\" viewBox=\"0 0 24 24\" width=\"24\" height=\"24\">\n\t\t\t\t\t<path d=\"M13 5c-3.3 0-6 2.7-6 6 0 1.4.5 2.7 1.3 3.7l-3.8 3.8 1.1 1.1 3.8-3.8c1 .8 2.3 1.3 3.7 1.3 3.3 0 6-2.7 6-6S16.3 5 13 5zm0 10.5c-2.5 0-4.5-2-4.5-4.5s2-4.5 4.5-4.5 4.5 2 4.5 4.5-2 4.5-4.5 4.5z\"><\/path>\n\t\t\t\t<\/svg><\/button><\/div><\/form>\n\n\n<p style=\"margin-top:0\"><strong>Entradas recientes<\/strong><\/p>\n\n\n\n<hr class=\"wp-block-separator has-alpha-channel-opacity is-style-wide\" style=\"margin-top:var(--wp--preset--spacing--small);margin-bottom:var(--wp--preset--spacing--small)\"\/>\n\n\n<ul class=\"wp-block-latest-posts__list wp-block-latest-posts has-disclaimers-font-size\"><li><a class=\"wp-block-latest-posts__post-title\" href=\"https:\/\/cuinspain.es\/es\/viajes\/se-esta-haciendo-realidad-el-barco-y-su-tripulacion-navegan-desde-tenerife-hasta-fuengirola\">Se est\u00e1 haciendo realidad, el barco y su tripulaci\u00f3n navegan desde Tenerife hasta Fuengirola<\/a><\/li>\n<li><a class=\"wp-block-latest-posts__post-title\" href=\"https:\/\/cuinspain.es\/es\/viajes\/nos-hemos-vuelto-locos-y-hemos-comprado-un-velero\">Nos hemos vuelto locos y hemos comprado un velero<\/a><\/li>\n<li><a class=\"wp-block-latest-posts__post-title\" href=\"https:\/\/cuinspain.es\/es\/espana\/vive-en-la-costa-del-sol\">Vive en la Costa del Sol<\/a><\/li>\n<li><a class=\"wp-block-latest-posts__post-title\" href=\"https:\/\/cuinspain.es\/es\/espana\/un-estilo-de-vida-agradable\">Un estilo de vida agradable<\/a><\/li>\n<li><a class=\"wp-block-latest-posts__post-title\" href=\"https:\/\/cuinspain.es\/es\/viajes\/caminito-del-rey\">Caminito del Rey<\/a><\/li>\n<\/ul>\n\n\n<p><strong>Categor\u00edas<\/strong><\/p>\n\n\n\n<hr class=\"wp-block-separator has-alpha-channel-opacity is-style-wide\" style=\"margin-top:var(--wp--preset--spacing--small);margin-bottom:var(--wp--preset--spacing--small)\"\/>\n\n\n<ul class=\"wp-block-categories-list wp-block-categories has-disclaimers-font-size\">\t<li class=\"cat-item cat-item-20\"><a href=\"https:\/\/cuinspain.es\/es\/.\/espana\">Espa\u00f1a<\/a>\n<\/li>\n\t<li class=\"cat-item cat-item-18\"><a href=\"https:\/\/cuinspain.es\/es\/.\/viajes\">Viajes<\/a>\n<\/li>\n<\/ul><\/div>\n<\/div>\n<\/div>\n","protected":false},"excerpt":{"rendered":"<p>Entradas recientes Categor\u00edas<\/p>\n","protected":false},"author":1,"featured_media":0,"parent":0,"menu_order":0,"comment_status":"closed","ping_status":"closed","template":"","meta":{"footnotes":""},"class_list":["post-345","page","type-page","status-publish","hentry"],"acf":[],"_links":{"self":[{"href":"https:\/\/cuinspain.es\/es\/wp-json\/wp\/v2\/pages\/345","targetHints":{"allow":["GET"]}}],"collection":[{"href":"https:\/\/cuinspain.es\/es\/wp-json\/wp\/v2\/pages"}],"about":[{"href":"https:\/\/cuinspain.es\/es\/wp-json\/wp\/v2\/types\/page"}],"author":[{"embeddable":true,"href":"https:\/\/cuinspain.es\/es\/wp-json\/wp\/v2\/users\/1"}],"replies":[{"embeddable":true,"href":"https:\/\/cuinspain.es\/es\/wp-json\/wp\/v2\/comments?post=345"}],"version-history":[{"count":2,"href":"https:\/\/cuinspain.es\/es\/wp-json\/wp\/v2\/pages\/345\/revisions"}],"predecessor-version":[{"id":442,"href":"https:\/\/cuinspain.es\/es\/wp-json\/wp\/v2\/pages\/345\/revisions\/442"}],"wp:attachment":[{"href":"https:\/\/cuinspain.es\/es\/wp-json\/wp\/v2\/media?parent=345"}],"curies":[{"name":"wp","href":"https:\/\/api.w.org\/{rel}","templated":true}]}}