{"id":416,"date":"2025-12-30T04:35:28","date_gmt":"2025-12-30T04:35:28","guid":{"rendered":"https:\/\/cuinspain.es\/acerca-de"},"modified":"2026-05-14T12:02:15","modified_gmt":"2026-05-14T12:02:15","slug":"acerca-de","status":"publish","type":"page","link":"https:\/\/cuinspain.es\/es\/acerca-de","title":{"rendered":"Acerca de"},"content":{"rendered":"\n<div class=\"wp-block-group about glide home-carousel is-layout-flow wp-block-group-is-layout-flow\"><\/div>\n\n<section class=\"wp-block-group is-layout-constrained wp-block-group-is-layout-constrained\">\n<h1 class=\"wp-block-heading has-text-align-center has-sub-headings-font-size\">SOBRE NOSOTROS \u2600\ufe0f<\/h1>\n\n\n\n<div class=\"wp-block-columns are-vertically-aligned-center is-layout-flex wp-container-core-columns-is-layout-28f84493 wp-block-columns-is-layout-flex\">\n<div class=\"wp-block-column is-vertically-aligned-center is-layout-flow wp-block-column-is-layout-flow\" style=\"flex-basis:33.33%\">\n<figure class=\"wp-block-image aligncenter size-large\"><img loading=\"lazy\" decoding=\"async\" width=\"683\" height=\"1024\" src=\"https:\/\/cuinspain.es\/wp-content\/uploads\/website-media\/Carina.Max_.Beach_-683x1024.jpeg\" alt=\"\" class=\"wp-image-86\" style=\"aspect-ratio:3\/4;object-fit:cover\" srcset=\"https:\/\/cuinspain.es\/wp-content\/uploads\/website-media\/Carina.Max_.Beach_-683x1024.jpeg 683w, https:\/\/cuinspain.es\/wp-content\/uploads\/website-media\/Carina.Max_.Beach_-200x300.jpeg 200w, https:\/\/cuinspain.es\/wp-content\/uploads\/website-media\/Carina.Max_.Beach_-768x1152.jpeg 768w, https:\/\/cuinspain.es\/wp-content\/uploads\/website-media\/Carina.Max_.Beach_-1024x1536.jpeg 1024w, https:\/\/cuinspain.es\/wp-content\/uploads\/website-media\/Carina.Max_.Beach_-1365x2048.jpeg 1365w, https:\/\/cuinspain.es\/wp-content\/uploads\/website-media\/Carina.Max_.Beach_-scaled.jpeg 1707w\" sizes=\"auto, (max-width: 683px) 100vw, 683px\" \/><\/figure>\n<\/div>\n\n\n\n<div class=\"wp-block-column is-vertically-aligned-center is-layout-flow wp-block-column-is-layout-flow\" style=\"flex-basis:66.66%\">\n<h2 class=\"wp-block-heading has-text-align-center\">Bienvenido a CU IN SPAIN<\/h2>\n\n\n\n<p>Me llamo Carina Ulander y soy la autora principal de esta p\u00e1gina. Me mud\u00e9 a Espa\u00f1a, a la Costa del Sol, junto con mi marido, Thomas Jacobsson, en 2019.<\/p>\n\n\n\n<p>Esta es nuestra p\u00e1gina y nuestro objetivo es darte informaci\u00f3n interesante sobre Espa\u00f1a, en particular sobre la Costa del Sol, y cosas que hacer aqu\u00ed.<\/p>\n\n\n\n<p>Somos una pareja de mediana edad con ra\u00edces en Gotemburgo y el norte de Suecia. Somos residentes en Espa\u00f1a, en La Cala de Mijas, en la Costa del Sol, y tenemos una casa de verano en Suecia.<\/p>\n\n\n\n<p>Thomas y yo hemos trabajado casi toda nuestra vida adulta como tripulantes de cabina en SAS (Scandinavian Airlines). Thomas como capit\u00e1n y yo como jefa de cabina.<\/p>\n\n\n\n<p>En nuestra juventud hicimos diferentes cosas, entre ellas trabajar en un barco de carga y como gu\u00eda de esqu\u00ed en los Alpes.<\/p>\n\n\n\n<p>Tambi\u00e9n he estado en el negocio inmobiliario durante muchos a\u00f1os. Tengo unos 10 a\u00f1os de experiencia como agente en la Costa del Sol.<\/p>\n<\/div>\n<\/div>\n\n\n\n<div class=\"wp-block-columns is-layout-flex wp-container-core-columns-is-layout-28f84493 wp-block-columns-is-layout-flex\">\n<div class=\"wp-block-column is-layout-flow wp-block-column-is-layout-flow\">\n<p>En el pueblo de La Cala de Mijas, tenemos un bonito apartamento en alquiler. Tiene 2 dormitorios y est\u00e1 situado a 200 metros de la playa. Por favor, \u00e9chale un vistazo en \u201cAlquiler\u201d.<\/p>\n\n\n\n<p>Tambi\u00e9n publicaremos art\u00edculos sobre nuestros viajes. Por favor, echa un vistazo a las publicaciones sobre nuestro gran viaje en velero por el mar Mediterr\u00e1neo, con inicio el 1 de abril de 2026.<\/p>\n<\/div>\n<\/div>\n<\/section>\n","protected":false},"excerpt":{"rendered":"<p>SOBRE NOSOTROS \u2600\ufe0f Bienvenido a CU IN SPAIN Me llamo Carina Ulander y soy la autora principal de esta p\u00e1gina. Me mud\u00e9 a Espa\u00f1a, a la Costa del Sol, junto con mi marido, Thomas Jacobsson, en 2019. Esta es nuestra p\u00e1gina y nuestro objetivo es darte informaci\u00f3n interesante sobre Espa\u00f1a, en particular sobre la Costa [&hellip;]<\/p>\n","protected":false},"author":1,"featured_media":0,"parent":0,"menu_order":0,"comment_status":"closed","ping_status":"closed","template":"solid-header","meta":{"footnotes":""},"class_list":["post-416","page","type-page","status-publish","hentry"],"acf":[],"_links":{"self":[{"href":"https:\/\/cuinspain.es\/es\/wp-json\/wp\/v2\/pages\/416","targetHints":{"allow":["GET"]}}],"collection":[{"href":"https:\/\/cuinspain.es\/es\/wp-json\/wp\/v2\/pages"}],"about":[{"href":"https:\/\/cuinspain.es\/es\/wp-json\/wp\/v2\/types\/page"}],"author":[{"embeddable":true,"href":"https:\/\/cuinspain.es\/es\/wp-json\/wp\/v2\/users\/1"}],"replies":[{"embeddable":true,"href":"https:\/\/cuinspain.es\/es\/wp-json\/wp\/v2\/comments?post=416"}],"version-history":[{"count":1,"href":"https:\/\/cuinspain.es\/es\/wp-json\/wp\/v2\/pages\/416\/revisions"}],"predecessor-version":[{"id":417,"href":"https:\/\/cuinspain.es\/es\/wp-json\/wp\/v2\/pages\/416\/revisions\/417"}],"wp:attachment":[{"href":"https:\/\/cuinspain.es\/es\/wp-json\/wp\/v2\/media?parent=416"}],"curies":[{"name":"wp","href":"https:\/\/api.w.org\/{rel}","templated":true}]}}