{"id":447,"date":"2025-12-30T04:35:28","date_gmt":"2025-12-30T04:35:28","guid":{"rendered":"https:\/\/cuinspain.es\/alquiler"},"modified":"2026-05-14T12:02:36","modified_gmt":"2026-05-14T12:02:36","slug":"alquiler","status":"publish","type":"page","link":"https:\/\/cuinspain.es\/es\/alquiler","title":{"rendered":"Alquiler"},"content":{"rendered":"\n<div class=\"wp-block-group projects child is-layout-constrained wp-block-group-is-layout-constrained\">\n<div style=\"height:30px\" aria-hidden=\"true\" class=\"wp-block-spacer\"><\/div>\n\n\n\n<div class=\"wp-block-group glide home-carousel is-layout-flow wp-block-group-is-layout-flow\">\n<div class=\"wp-block-group is-nowrap is-layout-flex wp-container-core-group-is-layout-6c531013 wp-block-group-is-layout-flex\">\n<figure class=\"wp-block-gallery has-nested-images columns-4 is-cropped wp-block-gallery-1 is-layout-flex wp-block-gallery-is-layout-flex\">\n<figure class=\"wp-block-image size-large\"><img loading=\"lazy\" decoding=\"async\" width=\"1024\" height=\"683\" data-id=\"193\" src=\"https:\/\/cuinspain.es\/wp-content\/uploads\/2026\/03\/Terrace-1024x683.jpeg\" alt=\"\" class=\"wp-image-193\" srcset=\"https:\/\/cuinspain.es\/wp-content\/uploads\/2026\/03\/Terrace-1024x683.jpeg 1024w, https:\/\/cuinspain.es\/wp-content\/uploads\/2026\/03\/Terrace-300x200.jpeg 300w, https:\/\/cuinspain.es\/wp-content\/uploads\/2026\/03\/Terrace-768x512.jpeg 768w, https:\/\/cuinspain.es\/wp-content\/uploads\/2026\/03\/Terrace-1536x1024.jpeg 1536w, https:\/\/cuinspain.es\/wp-content\/uploads\/2026\/03\/Terrace-2048x1365.jpeg 2048w\" sizes=\"auto, (max-width: 1024px) 100vw, 1024px\" \/><\/figure>\n\n\n\n<figure class=\"wp-block-image size-full\"><img loading=\"lazy\" decoding=\"async\" width=\"2560\" height=\"1920\" data-id=\"194\" src=\"https:\/\/cuinspain.es\/wp-content\/uploads\/2026\/03\/IMG_3614-scaled.jpeg\" alt=\"\" class=\"wp-image-194\" srcset=\"https:\/\/cuinspain.es\/wp-content\/uploads\/2026\/03\/IMG_3614-scaled.jpeg 2560w, https:\/\/cuinspain.es\/wp-content\/uploads\/2026\/03\/IMG_3614-300x225.jpeg 300w, https:\/\/cuinspain.es\/wp-content\/uploads\/2026\/03\/IMG_3614-1024x768.jpeg 1024w, https:\/\/cuinspain.es\/wp-content\/uploads\/2026\/03\/IMG_3614-768x576.jpeg 768w, https:\/\/cuinspain.es\/wp-content\/uploads\/2026\/03\/IMG_3614-1536x1152.jpeg 1536w, https:\/\/cuinspain.es\/wp-content\/uploads\/2026\/03\/IMG_3614-2048x1536.jpeg 2048w\" sizes=\"auto, (max-width: 2560px) 100vw, 2560px\" \/><\/figure>\n\n\n\n<figure class=\"wp-block-image size-full\"><img loading=\"lazy\" decoding=\"async\" width=\"2560\" height=\"1920\" data-id=\"195\" src=\"https:\/\/cuinspain.es\/wp-content\/uploads\/2026\/03\/Livingroom_Dining-scaled.jpeg\" alt=\"\" class=\"wp-image-195\" srcset=\"https:\/\/cuinspain.es\/wp-content\/uploads\/2026\/03\/Livingroom_Dining-scaled.jpeg 2560w, https:\/\/cuinspain.es\/wp-content\/uploads\/2026\/03\/Livingroom_Dining-300x225.jpeg 300w, https:\/\/cuinspain.es\/wp-content\/uploads\/2026\/03\/Livingroom_Dining-1024x768.jpeg 1024w, https:\/\/cuinspain.es\/wp-content\/uploads\/2026\/03\/Livingroom_Dining-768x576.jpeg 768w, https:\/\/cuinspain.es\/wp-content\/uploads\/2026\/03\/Livingroom_Dining-1536x1152.jpeg 1536w, https:\/\/cuinspain.es\/wp-content\/uploads\/2026\/03\/Livingroom_Dining-2048x1536.jpeg 2048w\" sizes=\"auto, (max-width: 2560px) 100vw, 2560px\" \/><\/figure>\n\n\n\n<figure class=\"wp-block-image size-full\"><img loading=\"lazy\" decoding=\"async\" width=\"2560\" height=\"1875\" data-id=\"196\" src=\"https:\/\/cuinspain.es\/wp-content\/uploads\/2026\/03\/IMG_4531-scaled.jpeg\" alt=\"\" class=\"wp-image-196\" srcset=\"https:\/\/cuinspain.es\/wp-content\/uploads\/2026\/03\/IMG_4531-scaled.jpeg 2560w, https:\/\/cuinspain.es\/wp-content\/uploads\/2026\/03\/IMG_4531-300x220.jpeg 300w, https:\/\/cuinspain.es\/wp-content\/uploads\/2026\/03\/IMG_4531-1024x750.jpeg 1024w, https:\/\/cuinspain.es\/wp-content\/uploads\/2026\/03\/IMG_4531-768x563.jpeg 768w, https:\/\/cuinspain.es\/wp-content\/uploads\/2026\/03\/IMG_4531-1536x1125.jpeg 1536w, https:\/\/cuinspain.es\/wp-content\/uploads\/2026\/03\/IMG_4531-2048x1500.jpeg 2048w\" sizes=\"auto, (max-width: 2560px) 100vw, 2560px\" \/><\/figure>\n\n\n\n<figure class=\"wp-block-image size-large\"><img loading=\"lazy\" decoding=\"async\" width=\"768\" height=\"1024\" data-id=\"197\" src=\"https:\/\/cuinspain.es\/wp-content\/uploads\/2026\/03\/Bathroom.2-768x1024.jpeg\" alt=\"\" class=\"wp-image-197\" srcset=\"https:\/\/cuinspain.es\/wp-content\/uploads\/2026\/03\/Bathroom.2-768x1024.jpeg 768w, https:\/\/cuinspain.es\/wp-content\/uploads\/2026\/03\/Bathroom.2-225x300.jpeg 225w, https:\/\/cuinspain.es\/wp-content\/uploads\/2026\/03\/Bathroom.2-1152x1536.jpeg 1152w, https:\/\/cuinspain.es\/wp-content\/uploads\/2026\/03\/Bathroom.2-1536x2048.jpeg 1536w, https:\/\/cuinspain.es\/wp-content\/uploads\/2026\/03\/Bathroom.2-scaled.jpeg 1920w\" sizes=\"auto, (max-width: 768px) 100vw, 768px\" \/><\/figure>\n\n\n\n<figure class=\"wp-block-image size-full\"><img loading=\"lazy\" decoding=\"async\" width=\"2560\" height=\"1707\" data-id=\"198\" src=\"https:\/\/cuinspain.es\/wp-content\/uploads\/2026\/03\/Master-Bed-scaled.jpeg\" alt=\"\" class=\"wp-image-198\" srcset=\"https:\/\/cuinspain.es\/wp-content\/uploads\/2026\/03\/Master-Bed-scaled.jpeg 2560w, https:\/\/cuinspain.es\/wp-content\/uploads\/2026\/03\/Master-Bed-300x200.jpeg 300w, https:\/\/cuinspain.es\/wp-content\/uploads\/2026\/03\/Master-Bed-1024x683.jpeg 1024w, https:\/\/cuinspain.es\/wp-content\/uploads\/2026\/03\/Master-Bed-768x512.jpeg 768w, https:\/\/cuinspain.es\/wp-content\/uploads\/2026\/03\/Master-Bed-1536x1024.jpeg 1536w, https:\/\/cuinspain.es\/wp-content\/uploads\/2026\/03\/Master-Bed-2048x1366.jpeg 2048w\" sizes=\"auto, (max-width: 2560px) 100vw, 2560px\" \/><\/figure>\n\n\n\n<figure class=\"wp-block-image size-full\"><img loading=\"lazy\" decoding=\"async\" width=\"2560\" height=\"1920\" data-id=\"199\" src=\"https:\/\/cuinspain.es\/wp-content\/uploads\/2026\/03\/IMG_4528-scaled.jpeg\" alt=\"\" class=\"wp-image-199\" srcset=\"https:\/\/cuinspain.es\/wp-content\/uploads\/2026\/03\/IMG_4528-scaled.jpeg 2560w, https:\/\/cuinspain.es\/wp-content\/uploads\/2026\/03\/IMG_4528-300x225.jpeg 300w, https:\/\/cuinspain.es\/wp-content\/uploads\/2026\/03\/IMG_4528-1024x768.jpeg 1024w, https:\/\/cuinspain.es\/wp-content\/uploads\/2026\/03\/IMG_4528-768x576.jpeg 768w, https:\/\/cuinspain.es\/wp-content\/uploads\/2026\/03\/IMG_4528-1536x1152.jpeg 1536w, https:\/\/cuinspain.es\/wp-content\/uploads\/2026\/03\/IMG_4528-2048x1536.jpeg 2048w\" sizes=\"auto, (max-width: 2560px) 100vw, 2560px\" \/><\/figure>\n\n\n\n<figure class=\"wp-block-image size-full\"><img loading=\"lazy\" decoding=\"async\" width=\"1334\" height=\"750\" data-id=\"192\" src=\"https:\/\/cuinspain.es\/wp-content\/uploads\/2026\/03\/IMG_0503.jpeg\" alt=\"\" class=\"wp-image-192\" srcset=\"https:\/\/cuinspain.es\/wp-content\/uploads\/2026\/03\/IMG_0503.jpeg 1334w, https:\/\/cuinspain.es\/wp-content\/uploads\/2026\/03\/IMG_0503-300x169.jpeg 300w, https:\/\/cuinspain.es\/wp-content\/uploads\/2026\/03\/IMG_0503-1024x576.jpeg 1024w, https:\/\/cuinspain.es\/wp-content\/uploads\/2026\/03\/IMG_0503-768x432.jpeg 768w\" sizes=\"auto, (max-width: 1334px) 100vw, 1334px\" \/><\/figure>\n\n\n\n<figure class=\"wp-block-image size-full\"><img loading=\"lazy\" decoding=\"async\" width=\"2560\" height=\"1706\" data-id=\"200\" src=\"https:\/\/cuinspain.es\/wp-content\/uploads\/2026\/03\/19Sep24.La-Cala.Beach_.Westwards-scaled.jpeg\" alt=\"\" class=\"wp-image-200\" srcset=\"https:\/\/cuinspain.es\/wp-content\/uploads\/2026\/03\/19Sep24.La-Cala.Beach_.Westwards-scaled.jpeg 2560w, https:\/\/cuinspain.es\/wp-content\/uploads\/2026\/03\/19Sep24.La-Cala.Beach_.Westwards-300x200.jpeg 300w, https:\/\/cuinspain.es\/wp-content\/uploads\/2026\/03\/19Sep24.La-Cala.Beach_.Westwards-1024x682.jpeg 1024w, https:\/\/cuinspain.es\/wp-content\/uploads\/2026\/03\/19Sep24.La-Cala.Beach_.Westwards-768x512.jpeg 768w, https:\/\/cuinspain.es\/wp-content\/uploads\/2026\/03\/19Sep24.La-Cala.Beach_.Westwards-1536x1024.jpeg 1536w, https:\/\/cuinspain.es\/wp-content\/uploads\/2026\/03\/19Sep24.La-Cala.Beach_.Westwards-2048x1365.jpeg 2048w\" sizes=\"auto, (max-width: 2560px) 100vw, 2560px\" \/><\/figure>\n<\/figure>\n<\/div>\n<\/div>\n\n\n\n<h2 class=\"wp-block-heading\"><strong>Sol, playa, golf y mucho m\u00e1s en la Costa del Sol<\/strong><\/h2>\n\n\n\n<p>\u00bfTodav\u00eda no has reservado nada para tus vacaciones de verano?<\/p>\n\n\n\n<p>Alquila este precioso apartamento en la planta superior.<\/p>\n\n\n\n<p>La ubicaci\u00f3n te ofrece una oportunidad \u00fanica para disfrutar de todo lo que puedas desear para unas vacaciones maravillosas. A tiro de piedra de una de las mejores playas de arena de la costa, buenos restaurantes y a pocos minutos a pie de casi todo. Aqu\u00ed puedes ir de vacaciones sin coche si lo deseas. \ud83e\udd29<\/p>\n\n\n\n<p>El apartamento est\u00e1 completamente reformado con cocina y ba\u00f1os nuevos. Suelos nuevos y todo reci\u00e9n pintado.<\/p>\n\n\n\n<p>Aire acondicionado en todas las habitaciones.<\/p>\n\n\n\n<p>WiFi de alta velocidad.<\/p>\n\n\n\n<p>Televisor de pantalla plana.<\/p>\n\n\n\n<p>Dormitorio 1: Cama doble y sof\u00e1 cama, ba\u00f1o privado con ba\u00f1era<\/p>\n\n\n\n<p>Dormitorio 2: 2 camas individuales.<\/p>\n\n\n\n<p>Ba\u00f1o 2: Ducha y lavadora\/secadora.<\/p>\n\n\n\n<p>Amplio balc\u00f3n orientado al oeste<\/p>\n\n\n\n<p>Piscina y jard\u00edn.<\/p>\n\n\n\n<p>Situado en el pintoresco pueblo de La Cala de Mijas, entre el aeropuerto y la conocida Marbella (25 km en cada direcci\u00f3n)<\/p>\n\n\n\n<hr class=\"wp-block-separator has-alpha-channel-opacity is-style-wide\"\/>\n\n\n\n<p><\/p>\n<\/div>\n","protected":false},"excerpt":{"rendered":"<p>Sol, playa, golf y mucho m\u00e1s en la Costa del Sol \u00bfTodav\u00eda no has reservado nada para tus vacaciones de verano? Alquila este precioso apartamento en la planta superior. La ubicaci\u00f3n te ofrece una oportunidad \u00fanica para disfrutar de todo lo que puedas desear para unas vacaciones maravillosas. A tiro de piedra de una de [&hellip;]<\/p>\n","protected":false},"author":1,"featured_media":0,"parent":0,"menu_order":0,"comment_status":"closed","ping_status":"closed","template":"solid-header","meta":{"footnotes":""},"class_list":["post-447","page","type-page","status-publish","hentry"],"acf":[],"_links":{"self":[{"href":"https:\/\/cuinspain.es\/es\/wp-json\/wp\/v2\/pages\/447","targetHints":{"allow":["GET"]}}],"collection":[{"href":"https:\/\/cuinspain.es\/es\/wp-json\/wp\/v2\/pages"}],"about":[{"href":"https:\/\/cuinspain.es\/es\/wp-json\/wp\/v2\/types\/page"}],"author":[{"embeddable":true,"href":"https:\/\/cuinspain.es\/es\/wp-json\/wp\/v2\/users\/1"}],"replies":[{"embeddable":true,"href":"https:\/\/cuinspain.es\/es\/wp-json\/wp\/v2\/comments?post=447"}],"version-history":[{"count":1,"href":"https:\/\/cuinspain.es\/es\/wp-json\/wp\/v2\/pages\/447\/revisions"}],"predecessor-version":[{"id":450,"href":"https:\/\/cuinspain.es\/es\/wp-json\/wp\/v2\/pages\/447\/revisions\/450"}],"wp:attachment":[{"href":"https:\/\/cuinspain.es\/es\/wp-json\/wp\/v2\/media?parent=447"}],"curies":[{"name":"wp","href":"https:\/\/api.w.org\/{rel}","templated":true}]}}