{"id":389,"date":"2025-12-30T04:35:28","date_gmt":"2025-12-30T04:35:28","guid":{"rendered":"https:\/\/cuinspain.es\/uthyrning"},"modified":"2026-05-14T12:01:14","modified_gmt":"2026-05-14T12:01:14","slug":"uthyrning","status":"publish","type":"page","link":"https:\/\/cuinspain.es\/sv\/uthyrning","title":{"rendered":"Uthyrning"},"content":{"rendered":"\n<div class=\"wp-block-group projects child is-layout-constrained wp-block-group-is-layout-constrained\">\n<div style=\"height:30px\" aria-hidden=\"true\" class=\"wp-block-spacer\"><\/div>\n\n\n\n<div class=\"wp-block-group glide home-carousel is-layout-flow wp-block-group-is-layout-flow\">\n<div class=\"wp-block-group is-nowrap is-layout-flex wp-container-core-group-is-layout-6c531013 wp-block-group-is-layout-flex\">\n<figure class=\"wp-block-gallery has-nested-images columns-4 is-cropped wp-block-gallery-1 is-layout-flex wp-block-gallery-is-layout-flex\">\n<figure class=\"wp-block-image size-large\"><img loading=\"lazy\" decoding=\"async\" width=\"1024\" height=\"683\" data-id=\"193\" src=\"https:\/\/cuinspain.es\/wp-content\/uploads\/2026\/03\/Terrace-1024x683.jpeg\" alt=\"\" class=\"wp-image-193\" srcset=\"https:\/\/cuinspain.es\/wp-content\/uploads\/2026\/03\/Terrace-1024x683.jpeg 1024w, https:\/\/cuinspain.es\/wp-content\/uploads\/2026\/03\/Terrace-300x200.jpeg 300w, https:\/\/cuinspain.es\/wp-content\/uploads\/2026\/03\/Terrace-768x512.jpeg 768w, https:\/\/cuinspain.es\/wp-content\/uploads\/2026\/03\/Terrace-1536x1024.jpeg 1536w, https:\/\/cuinspain.es\/wp-content\/uploads\/2026\/03\/Terrace-2048x1365.jpeg 2048w\" sizes=\"auto, (max-width: 1024px) 100vw, 1024px\" \/><\/figure>\n\n\n\n<figure class=\"wp-block-image size-full\"><img loading=\"lazy\" decoding=\"async\" width=\"2560\" height=\"1920\" data-id=\"194\" src=\"https:\/\/cuinspain.es\/wp-content\/uploads\/2026\/03\/IMG_3614-scaled.jpeg\" alt=\"\" class=\"wp-image-194\" srcset=\"https:\/\/cuinspain.es\/wp-content\/uploads\/2026\/03\/IMG_3614-scaled.jpeg 2560w, https:\/\/cuinspain.es\/wp-content\/uploads\/2026\/03\/IMG_3614-300x225.jpeg 300w, https:\/\/cuinspain.es\/wp-content\/uploads\/2026\/03\/IMG_3614-1024x768.jpeg 1024w, https:\/\/cuinspain.es\/wp-content\/uploads\/2026\/03\/IMG_3614-768x576.jpeg 768w, https:\/\/cuinspain.es\/wp-content\/uploads\/2026\/03\/IMG_3614-1536x1152.jpeg 1536w, https:\/\/cuinspain.es\/wp-content\/uploads\/2026\/03\/IMG_3614-2048x1536.jpeg 2048w\" sizes=\"auto, (max-width: 2560px) 100vw, 2560px\" \/><\/figure>\n\n\n\n<figure class=\"wp-block-image size-full\"><img loading=\"lazy\" decoding=\"async\" width=\"2560\" height=\"1920\" data-id=\"195\" src=\"https:\/\/cuinspain.es\/wp-content\/uploads\/2026\/03\/Livingroom_Dining-scaled.jpeg\" alt=\"\" class=\"wp-image-195\" srcset=\"https:\/\/cuinspain.es\/wp-content\/uploads\/2026\/03\/Livingroom_Dining-scaled.jpeg 2560w, https:\/\/cuinspain.es\/wp-content\/uploads\/2026\/03\/Livingroom_Dining-300x225.jpeg 300w, https:\/\/cuinspain.es\/wp-content\/uploads\/2026\/03\/Livingroom_Dining-1024x768.jpeg 1024w, https:\/\/cuinspain.es\/wp-content\/uploads\/2026\/03\/Livingroom_Dining-768x576.jpeg 768w, https:\/\/cuinspain.es\/wp-content\/uploads\/2026\/03\/Livingroom_Dining-1536x1152.jpeg 1536w, https:\/\/cuinspain.es\/wp-content\/uploads\/2026\/03\/Livingroom_Dining-2048x1536.jpeg 2048w\" sizes=\"auto, (max-width: 2560px) 100vw, 2560px\" \/><\/figure>\n\n\n\n<figure class=\"wp-block-image size-full\"><img loading=\"lazy\" decoding=\"async\" width=\"2560\" height=\"1875\" data-id=\"196\" src=\"https:\/\/cuinspain.es\/wp-content\/uploads\/2026\/03\/IMG_4531-scaled.jpeg\" alt=\"\" class=\"wp-image-196\" srcset=\"https:\/\/cuinspain.es\/wp-content\/uploads\/2026\/03\/IMG_4531-scaled.jpeg 2560w, https:\/\/cuinspain.es\/wp-content\/uploads\/2026\/03\/IMG_4531-300x220.jpeg 300w, https:\/\/cuinspain.es\/wp-content\/uploads\/2026\/03\/IMG_4531-1024x750.jpeg 1024w, https:\/\/cuinspain.es\/wp-content\/uploads\/2026\/03\/IMG_4531-768x563.jpeg 768w, https:\/\/cuinspain.es\/wp-content\/uploads\/2026\/03\/IMG_4531-1536x1125.jpeg 1536w, https:\/\/cuinspain.es\/wp-content\/uploads\/2026\/03\/IMG_4531-2048x1500.jpeg 2048w\" sizes=\"auto, (max-width: 2560px) 100vw, 2560px\" \/><\/figure>\n\n\n\n<figure class=\"wp-block-image size-large\"><img loading=\"lazy\" decoding=\"async\" width=\"768\" height=\"1024\" data-id=\"197\" src=\"https:\/\/cuinspain.es\/wp-content\/uploads\/2026\/03\/Bathroom.2-768x1024.jpeg\" alt=\"\" class=\"wp-image-197\" srcset=\"https:\/\/cuinspain.es\/wp-content\/uploads\/2026\/03\/Bathroom.2-768x1024.jpeg 768w, https:\/\/cuinspain.es\/wp-content\/uploads\/2026\/03\/Bathroom.2-225x300.jpeg 225w, https:\/\/cuinspain.es\/wp-content\/uploads\/2026\/03\/Bathroom.2-1152x1536.jpeg 1152w, https:\/\/cuinspain.es\/wp-content\/uploads\/2026\/03\/Bathroom.2-1536x2048.jpeg 1536w, https:\/\/cuinspain.es\/wp-content\/uploads\/2026\/03\/Bathroom.2-scaled.jpeg 1920w\" sizes=\"auto, (max-width: 768px) 100vw, 768px\" \/><\/figure>\n\n\n\n<figure class=\"wp-block-image size-full\"><img loading=\"lazy\" decoding=\"async\" width=\"2560\" height=\"1707\" data-id=\"198\" src=\"https:\/\/cuinspain.es\/wp-content\/uploads\/2026\/03\/Master-Bed-scaled.jpeg\" alt=\"\" class=\"wp-image-198\" srcset=\"https:\/\/cuinspain.es\/wp-content\/uploads\/2026\/03\/Master-Bed-scaled.jpeg 2560w, https:\/\/cuinspain.es\/wp-content\/uploads\/2026\/03\/Master-Bed-300x200.jpeg 300w, https:\/\/cuinspain.es\/wp-content\/uploads\/2026\/03\/Master-Bed-1024x683.jpeg 1024w, https:\/\/cuinspain.es\/wp-content\/uploads\/2026\/03\/Master-Bed-768x512.jpeg 768w, https:\/\/cuinspain.es\/wp-content\/uploads\/2026\/03\/Master-Bed-1536x1024.jpeg 1536w, https:\/\/cuinspain.es\/wp-content\/uploads\/2026\/03\/Master-Bed-2048x1366.jpeg 2048w\" sizes=\"auto, (max-width: 2560px) 100vw, 2560px\" \/><\/figure>\n\n\n\n<figure class=\"wp-block-image size-full\"><img loading=\"lazy\" decoding=\"async\" width=\"2560\" height=\"1920\" data-id=\"199\" src=\"https:\/\/cuinspain.es\/wp-content\/uploads\/2026\/03\/IMG_4528-scaled.jpeg\" alt=\"\" class=\"wp-image-199\" srcset=\"https:\/\/cuinspain.es\/wp-content\/uploads\/2026\/03\/IMG_4528-scaled.jpeg 2560w, https:\/\/cuinspain.es\/wp-content\/uploads\/2026\/03\/IMG_4528-300x225.jpeg 300w, https:\/\/cuinspain.es\/wp-content\/uploads\/2026\/03\/IMG_4528-1024x768.jpeg 1024w, https:\/\/cuinspain.es\/wp-content\/uploads\/2026\/03\/IMG_4528-768x576.jpeg 768w, https:\/\/cuinspain.es\/wp-content\/uploads\/2026\/03\/IMG_4528-1536x1152.jpeg 1536w, https:\/\/cuinspain.es\/wp-content\/uploads\/2026\/03\/IMG_4528-2048x1536.jpeg 2048w\" sizes=\"auto, (max-width: 2560px) 100vw, 2560px\" \/><\/figure>\n\n\n\n<figure class=\"wp-block-image size-full\"><img loading=\"lazy\" decoding=\"async\" width=\"1334\" height=\"750\" data-id=\"192\" src=\"https:\/\/cuinspain.es\/wp-content\/uploads\/2026\/03\/IMG_0503.jpeg\" alt=\"\" class=\"wp-image-192\" srcset=\"https:\/\/cuinspain.es\/wp-content\/uploads\/2026\/03\/IMG_0503.jpeg 1334w, https:\/\/cuinspain.es\/wp-content\/uploads\/2026\/03\/IMG_0503-300x169.jpeg 300w, https:\/\/cuinspain.es\/wp-content\/uploads\/2026\/03\/IMG_0503-1024x576.jpeg 1024w, https:\/\/cuinspain.es\/wp-content\/uploads\/2026\/03\/IMG_0503-768x432.jpeg 768w\" sizes=\"auto, (max-width: 1334px) 100vw, 1334px\" \/><\/figure>\n\n\n\n<figure class=\"wp-block-image size-full\"><img loading=\"lazy\" decoding=\"async\" width=\"2560\" height=\"1706\" data-id=\"200\" src=\"https:\/\/cuinspain.es\/wp-content\/uploads\/2026\/03\/19Sep24.La-Cala.Beach_.Westwards-scaled.jpeg\" alt=\"\" class=\"wp-image-200\" srcset=\"https:\/\/cuinspain.es\/wp-content\/uploads\/2026\/03\/19Sep24.La-Cala.Beach_.Westwards-scaled.jpeg 2560w, https:\/\/cuinspain.es\/wp-content\/uploads\/2026\/03\/19Sep24.La-Cala.Beach_.Westwards-300x200.jpeg 300w, https:\/\/cuinspain.es\/wp-content\/uploads\/2026\/03\/19Sep24.La-Cala.Beach_.Westwards-1024x682.jpeg 1024w, https:\/\/cuinspain.es\/wp-content\/uploads\/2026\/03\/19Sep24.La-Cala.Beach_.Westwards-768x512.jpeg 768w, https:\/\/cuinspain.es\/wp-content\/uploads\/2026\/03\/19Sep24.La-Cala.Beach_.Westwards-1536x1024.jpeg 1536w, https:\/\/cuinspain.es\/wp-content\/uploads\/2026\/03\/19Sep24.La-Cala.Beach_.Westwards-2048x1365.jpeg 2048w\" sizes=\"auto, (max-width: 2560px) 100vw, 2560px\" \/><\/figure>\n<\/figure>\n<\/div>\n<\/div>\n\n\n\n<h2 class=\"wp-block-heading\"><strong>Sol, strand, golf och mycket mer p\u00e5 Costa del Sol<\/strong><\/h2>\n\n\n\n<p>Har du inte bokat n\u00e5got f\u00f6r din sommarsemester \u00e4n?<\/p>\n\n\n\n<p>Hyr den h\u00e4r fina l\u00e4genheten h\u00f6gst upp i huset.<\/p>\n\n\n\n<p>L\u00e4get ger dig en unik m\u00f6jlighet att njuta av allt du kan \u00f6nska f\u00f6r en h\u00e4rlig semester. Ett stenkast fr\u00e5n en av kustens b\u00e4sta sandstr\u00e4nder, bra restauranger och bara n\u00e5gra minuters promenad till i stort sett allt. H\u00e4r kan du semestra utan bil om du vill. \ud83e\udd29<\/p>\n\n\n\n<p>L\u00e4genheten \u00e4r totalrenoverad med nytt k\u00f6k och nya badrum. Nya golv och allt \u00e4r omm\u00e5lat.<\/p>\n\n\n\n<p>Luftkonditionering i alla rum.<\/p>\n\n\n\n<p>H\u00f6ghastighets-WiFi.<\/p>\n\n\n\n<p>Platt-TV.<\/p>\n\n\n\n<p>Sovrum 1: Dubbels\u00e4ng och b\u00e4ddsoffa, privat badrum med badkar<\/p>\n\n\n\n<p>Sovrum 2: 2 enkels\u00e4ngar.<\/p>\n\n\n\n<p>Badrum 2: Dusch och tv\u00e4ttmaskin\/torktumlare.<\/p>\n\n\n\n<p>Stor balkong i v\u00e4sterl\u00e4ge<\/p>\n\n\n\n<p>Pool och tr\u00e4dg\u00e5rd.<\/p>\n\n\n\n<p>Bel\u00e4gen i den mycket pittoreska lilla byn La Cala de Mijas, mellan flygplatsen och v\u00e4lk\u00e4nda Marbella (25 km \u00e5t vardera h\u00e5ll)<\/p>\n\n\n\n<hr class=\"wp-block-separator has-alpha-channel-opacity is-style-wide\"\/>\n\n\n\n<p><\/p>\n<\/div>\n","protected":false},"excerpt":{"rendered":"<p>Sol, strand, golf och mycket mer p\u00e5 Costa del Sol Har du inte bokat n\u00e5got f\u00f6r din sommarsemester \u00e4n? Hyr den h\u00e4r fina l\u00e4genheten h\u00f6gst upp i huset. L\u00e4get ger dig en unik m\u00f6jlighet att njuta av allt du kan \u00f6nska f\u00f6r en h\u00e4rlig semester. Ett stenkast fr\u00e5n en av kustens b\u00e4sta sandstr\u00e4nder, bra restauranger [&hellip;]<\/p>\n","protected":false},"author":1,"featured_media":0,"parent":0,"menu_order":0,"comment_status":"closed","ping_status":"closed","template":"solid-header","meta":{"footnotes":""},"class_list":["post-389","page","type-page","status-publish","hentry"],"acf":[],"_links":{"self":[{"href":"https:\/\/cuinspain.es\/sv\/wp-json\/wp\/v2\/pages\/389","targetHints":{"allow":["GET"]}}],"collection":[{"href":"https:\/\/cuinspain.es\/sv\/wp-json\/wp\/v2\/pages"}],"about":[{"href":"https:\/\/cuinspain.es\/sv\/wp-json\/wp\/v2\/types\/page"}],"author":[{"embeddable":true,"href":"https:\/\/cuinspain.es\/sv\/wp-json\/wp\/v2\/users\/1"}],"replies":[{"embeddable":true,"href":"https:\/\/cuinspain.es\/sv\/wp-json\/wp\/v2\/comments?post=389"}],"version-history":[{"count":1,"href":"https:\/\/cuinspain.es\/sv\/wp-json\/wp\/v2\/pages\/389\/revisions"}],"predecessor-version":[{"id":392,"href":"https:\/\/cuinspain.es\/sv\/wp-json\/wp\/v2\/pages\/389\/revisions\/392"}],"wp:attachment":[{"href":"https:\/\/cuinspain.es\/sv\/wp-json\/wp\/v2\/media?parent=389"}],"curies":[{"name":"wp","href":"https:\/\/api.w.org\/{rel}","templated":true}]}}